{"id":738,"date":"2021-12-29T08:45:09","date_gmt":"2021-12-29T08:45:09","guid":{"rendered":"https:\/\/demo.yolotheme.com\/dummy\/trusmile\/?page_id=738"},"modified":"2024-07-15T14:24:51","modified_gmt":"2024-07-15T14:24:51","slug":"booked-appointment","status":"publish","type":"page","link":"https:\/\/ederstudio.com\/dentaltour\/booked-appointment\/","title":{"rendered":"Offerta Limitata! Solo a Luglio SCONTI fino 50%"},"content":{"rendered":"\t\t<div data-elementor-type=\"wp-page\" data-elementor-id=\"738\" class=\"elementor elementor-738\">\n\t\t\t\t<div class=\"elementor-element elementor-element-956b9cc e-grid e-con-boxed e-con e-parent\" data-id=\"956b9cc\" data-element_type=\"container\" data-e-type=\"container\">\n\t\t\t\t\t<div class=\"e-con-inner\">\n\t\t\t\t<div class=\"elementor-element elementor-element-8afee00 elementor-invisible elementor-widget elementor-widget-yolo_title\" data-id=\"8afee00\" data-element_type=\"widget\" data-e-type=\"widget\" data-settings=\"{&quot;_animation&quot;:&quot;fadeInUp&quot;}\" data-widget_type=\"yolo_title.default\">\n\t\t\t\t<div class=\"elementor-widget-container\">\n\t\t\t\t\t        <div class=\"yolo-modern-heading\">\n            \n            \n                    <div class=\"heading-primary-wrap\">\n            <h2 class=\"heading-primary elementor-heading-title\">Aggiungi Le Tue\u00a0informazioni E Ti Contatteremo\u00a0Il Prima Possibile<\/h2>        <\/div>\n        \n                    <div class=\"heading-description-wrap\">\n            <div class=\"heading-description\">\n                <p><b>Le nostre Clinica \u00e8 l'alternativa pi\u00f9 scelta da milioni di Italiani per l'ottimo rapporto qualit\u00e0 prezzo e per la velocit\u00e0 con cui vengono effettuati i trattamenti.<\/b><\/p>            <\/div>\n        <\/div>\n            <\/div>\n        \t\t\t\t<\/div>\n\t\t\t\t<\/div>\n\t\t<div class=\"elementor-element elementor-element-225ee81 e-con-full e-flex e-con e-child\" data-id=\"225ee81\" data-element_type=\"container\" data-e-type=\"container\" data-settings=\"{&quot;background_background&quot;:&quot;classic&quot;}\">\n\t\t<div class=\"elementor-element elementor-element-31714ab e-flex e-con-boxed e-con e-child\" data-id=\"31714ab\" data-element_type=\"container\" data-e-type=\"container\">\n\t\t\t\t\t<div class=\"e-con-inner\">\n\t\t\t\t<div class=\"elementor-element elementor-element-929f08d elementor-widget elementor-widget-yolo_title\" data-id=\"929f08d\" data-element_type=\"widget\" data-e-type=\"widget\" data-widget_type=\"yolo_title.default\">\n\t\t\t\t<div class=\"elementor-widget-container\">\n\t\t\t\t\t        <div class=\"yolo-modern-heading\">\n            \n            \n                    <div class=\"heading-primary-wrap\">\n            <h4 class=\"heading-primary elementor-heading-title\">Richiedi un'offerta<\/h4>        <\/div>\n        \n                    <div class=\"heading-description-wrap\">\n            <div class=\"heading-description\">\n                <p>Ricevi un Preventivo Gratuito, compilando il modulo sottostante.<\/p>            <\/div>\n        <\/div>\n            <\/div>\n        \t\t\t\t<\/div>\n\t\t\t\t<\/div>\n\t\t\t\t<div class=\"elementor-element elementor-element-6a7df00 elementor-widget elementor-widget-yolo_title\" data-id=\"6a7df00\" data-element_type=\"widget\" data-e-type=\"widget\" data-widget_type=\"yolo_title.default\">\n\t\t\t\t<div class=\"elementor-widget-container\">\n\t\t\t\t\t        <div class=\"yolo-modern-heading\">\n            \n            \n            \n                    <div class=\"heading-description-wrap\">\n            <div class=\"heading-description\">\n                <h6>Facendo clic sul pulsante \"Invia\" qui sotto, accetto che un rappresentante mi contatti via e-mail o telefonate al numero di telefono da me fornito in merito ai servizi di dentaltour.com.<\/h6>            <\/div>\n        <\/div>\n            <\/div>\n        \t\t\t\t<\/div>\n\t\t\t\t<\/div>\n\t\t\t\t<div class=\"elementor-element elementor-element-4830e76 elementor-widget elementor-widget-shortcode\" data-id=\"4830e76\" data-element_type=\"widget\" data-e-type=\"widget\" data-widget_type=\"shortcode.default\">\n\t\t\t\t<div class=\"elementor-widget-container\">\n\t\t\t\t\t\t\t<div class=\"elementor-shortcode\"><div class='fluentform ff-default fluentform_wrapper_3 ffs_default_wrap'><form data-form_id=\"3\" id=\"fluentform_3\" class=\"frm-fluent-form fluent_form_3 ff-el-form-top ff_form_instance_3_1 ff-form-loading ffs_default\" data-form_instance=\"ff_form_instance_3_1\" method=\"POST\" ><fieldset  style=\"border: none!important;margin: 0!important;padding: 0!important;background-color: transparent!important;box-shadow: none!important;outline: none!important; min-inline-size: 100%;\">\n                    <legend class=\"ff_screen_reader_title\" style=\"display: block; margin: 0!important;padding: 0!important;height: 0!important;text-indent: -999999px;width: 0!important;overflow:hidden;\">Form-1<\/legend><input type='hidden' name='__fluent_form_embded_post_id' value='738' \/><input type=\"hidden\" id=\"_fluentform_3_fluentformnonce\" name=\"_fluentform_3_fluentformnonce\" value=\"c1396780a1\" \/><input type=\"hidden\" name=\"_wp_http_referer\" value=\"\/dentaltour\/wp-json\/wp\/v2\/pages\/738\" \/><div data-type=\"name-element\" data-name=\"names\" class=\" ff-field_container ff-name-field-wrapper\" ><div class='ff-t-container'><div class='ff-t-cell '><div class='ff-el-group ff-el-form-top  ff-el-form-hide_label'><div class=\"ff-el-input--label asterisk-right\"><label for='ff_3_names_first_name_' id='label_ff_3_names_first_name_' >First Name<\/label><\/div><div class='ff-el-input--content'><input type=\"text\" name=\"names[first_name]\" id=\"ff_3_names_first_name_\" class=\"ff-el-form-control\" placeholder=\"Nome completo\" aria-invalid=\"false\" aria-required=false><\/div><\/div><\/div><\/div><\/div><div class='ff-el-group'><div class='ff-el-input--content'><input type=\"text\" name=\"input_mask\" class=\"ff-el-form-control\" placeholder=\"Telefono o WhatsApp\" data-name=\"input_mask\" id=\"ff_3_input_mask\"  aria-invalid=\"false\" aria-required=true><\/div><\/div><div class='ff-el-group'><div class='ff-el-input--content'><input type=\"email\" name=\"email\" id=\"ff_3_email\" class=\"ff-el-form-control\" placeholder=\"Email\" data-name=\"email\"  aria-invalid=\"false\" aria-required=false><\/div><\/div><div class='ff-el-group'><div class=\"ff-el-input--label ff-el-is-required asterisk-right\"><label for='ff_3_datetime' id='label_ff_3_datetime' aria-label=\"Quando \u00e8 meglio contattarti telefonicamente?\">Quando \u00e8 meglio contattarti telefonicamente?<\/label><\/div><div class='ff-el-input--content'><input  aria-label='Quando \u00e8 meglio contattarti telefonicamente? Use arrow keys to navigate dates. Press enter to select a date.'  aria-haspopup='dialog' data-type-datepicker data-format='d\/m\/Y' type=\"text\" name=\"datetime\" id=\"ff_3_datetime\" class=\"ff-el-form-control ff-el-datepicker\" placeholder=\"Data\" data-name=\"datetime\"  aria-invalid='false' aria-required=true><\/div><\/div><div class='ff-el-group'><div class='ff-el-input--content'><select name=\"dropdown\" id=\"ff_3_dropdown\" class=\"ff-el-form-control\" data-name=\"dropdown\" data-calc_value=\"0\"  aria-invalid=\"false\" aria-required=\"true\" aria-labelledby=\"label_ff_3_dropdown\"><option value=\"\">Tempo<\/option><option value=\"8:00 AM\"  >8:00 AM<\/option><option value=\"8:30 AM\"  >8:30 AM<\/option><option value=\"9:00 AM\"  >9:00 AM<\/option><option value=\"9:30 AM\"  >9:30 AM<\/option><option value=\"10:00 AM\"  >10:00 AM<\/option><option value=\"10:30 AM\"  >10:30 AM<\/option><option value=\"11:00 AM\"  >11:00 AM<\/option><option value=\"11:30 AM\"  >11:30 AM<\/option><option value=\"12:00 AM\"  >12:00 AM<\/option><option value=\"12:30 AM\"  >12:30 AM<\/option><option value=\"1:00 PM\"  >1:00 PM<\/option><option value=\"1:30 PM\"  >1:30 PM<\/option><option value=\"2 :00 PM\"  >2 :00 PM<\/option><option value=\"2:30 PM\"  >2:30 PM<\/option><option value=\"3:00 PM\"  >3:00 PM<\/option><option value=\"3:30 PM\"  >3:30 PM<\/option><option value=\"4:00 PM\"  >4:00 PM<\/option><option value=\"4:30 PM\"  >4:30 PM<\/option><option value=\"5:00 PM\"  >5:00 PM<\/option><\/select><\/div><\/div><div class='ff-el-group'><div class='ff-el-input--content'><textarea aria-required=\"false\" aria-labelledby=\"label_ff_3_description\" name=\"description\" id=\"ff_3_description\" class=\"ff-el-form-control\" placeholder=\"Messaggio\" rows=\"3\" cols=\"3\" data-name=\"description\" ><\/textarea><\/div><\/div><div class='ff-el-group ff-text-left ff_submit_btn_wrapper'><button type=\"submit\" class=\"ff-btn ff-btn-submit ff-btn-md ff_btn_style\"  aria-label=\"INVIARE\">INVIARE<\/button><\/div><\/fieldset><\/form><div id='fluentform_3_errors' class='ff-errors-in-stack ff_form_instance_3_1 ff-form-loading_errors ff_form_instance_3_1_errors'><\/div><\/div>            <script type=\"text\/javascript\">\n                window.fluent_form_ff_form_instance_3_1 = {\"id\":\"3\",\"settings\":{\"layout\":{\"labelPlacement\":\"top\",\"helpMessagePlacement\":\"with_label\",\"errorMessagePlacement\":\"inline\",\"cssClassName\":\"\",\"asteriskPlacement\":\"asterisk-right\"},\"restrictions\":{\"denyEmptySubmission\":{\"enabled\":false}}},\"form_instance\":\"ff_form_instance_3_1\",\"form_id_selector\":\"fluentform_3\",\"rules\":{\"names[first_name]\":{\"required\":{\"value\":false,\"message\":\"This field is required\",\"global_message\":\"This field is required\",\"global\":true}},\"names[middle_name]\":{\"required\":{\"value\":false,\"message\":\"This field is required\",\"global_message\":\"This field is required\",\"global\":true}},\"names[last_name]\":{\"required\":{\"value\":false,\"message\":\"This field is required\",\"global_message\":\"This field is required\",\"global\":true}},\"input_mask\":{\"required\":{\"value\":true,\"message\":\"This field is required\",\"global_message\":\"This field is required\",\"global\":true}},\"email\":{\"required\":{\"value\":false,\"message\":\"This field is required\",\"global_message\":\"This field is required\",\"global\":true},\"email\":{\"value\":true,\"message\":\"This field must contain a valid email\",\"global_message\":\"This field must contain a valid email\",\"global\":true}},\"datetime\":{\"required\":{\"value\":true,\"message\":\"This field is required\",\"global_message\":\"This field is required\",\"global\":true}},\"dropdown\":{\"required\":{\"value\":true,\"message\":\"This field is required\",\"global_message\":\"This field is required\",\"global\":true}},\"description\":{\"required\":{\"value\":false,\"message\":\"This field is required\",\"global_message\":\"This field is required\",\"global\":true}}},\"debounce_time\":300};\n                            <\/script>\n            <\/div>\n\t\t\t\t\t\t<\/div>\n\t\t\t\t<\/div>\n\t\t\t\t\t<\/div>\n\t\t\t\t<\/div>\n\t\t\t\t<\/div>\n\t\t\t\t\t<\/div>\n\t\t\t\t<\/div>\n\t\t<div class=\"elementor-element elementor-element-2db4e92 e-flex e-con-boxed e-con e-parent\" data-id=\"2db4e92\" data-element_type=\"container\" data-e-type=\"container\">\n\t\t\t\t\t<div class=\"e-con-inner\">\n\t\t\t\t<div class=\"elementor-element elementor-element-61891c0 elementor-widget-divider--view-line elementor-widget elementor-widget-divider\" data-id=\"61891c0\" data-element_type=\"widget\" data-e-type=\"widget\" data-widget_type=\"divider.default\">\n\t\t\t\t<div class=\"elementor-widget-container\">\n\t\t\t\t\t\t\t<div class=\"elementor-divider\">\n\t\t\t<span class=\"elementor-divider-separator\">\n\t\t\t\t\t\t<\/span>\n\t\t<\/div>\n\t\t\t\t\t\t<\/div>\n\t\t\t\t<\/div>\n\t\t\t\t\t<\/div>\n\t\t\t\t<\/div>\n\t\t\t\t<\/div>\n\t\t","protected":false},"excerpt":{"rendered":"<p>Aggiungi Le Tue\u00a0informazioni E Ti Contatteremo\u00a0Il Prima Possibile Le nostre Clinica \u00e8 l&#8217;alternativa pi\u00f9 scelta da milioni di Italiani per l&#8217;ottimo rapporto qualit\u00e0 prezzo e per la velocit\u00e0 con cui vengono effettuati i trattamenti. Richiedi un&#8217;offerta Ricevi un Preventivo Gratuito, compilando il modulo sottostante. Facendo clic sul pulsante &#8220;Invia&#8221; qui sotto, accetto che un rappresentante mi contatti via e-mail o telefonate al numero di telefono da me fornito in merito ai servizi di dentaltour.com.<\/p>\n","protected":false},"author":1,"featured_media":0,"parent":0,"menu_order":0,"comment_status":"closed","ping_status":"closed","template":"","meta":{"footnotes":""},"class_list":["post-738","page","type-page","status-publish","hentry"],"_links":{"self":[{"href":"https:\/\/ederstudio.com\/dentaltour\/wp-json\/wp\/v2\/pages\/738","targetHints":{"allow":["GET"]}}],"collection":[{"href":"https:\/\/ederstudio.com\/dentaltour\/wp-json\/wp\/v2\/pages"}],"about":[{"href":"https:\/\/ederstudio.com\/dentaltour\/wp-json\/wp\/v2\/types\/page"}],"author":[{"embeddable":true,"href":"https:\/\/ederstudio.com\/dentaltour\/wp-json\/wp\/v2\/users\/1"}],"replies":[{"embeddable":true,"href":"https:\/\/ederstudio.com\/dentaltour\/wp-json\/wp\/v2\/comments?post=738"}],"version-history":[{"count":22,"href":"https:\/\/ederstudio.com\/dentaltour\/wp-json\/wp\/v2\/pages\/738\/revisions"}],"predecessor-version":[{"id":4898,"href":"https:\/\/ederstudio.com\/dentaltour\/wp-json\/wp\/v2\/pages\/738\/revisions\/4898"}],"wp:attachment":[{"href":"https:\/\/ederstudio.com\/dentaltour\/wp-json\/wp\/v2\/media?parent=738"}],"curies":[{"name":"wp","href":"https:\/\/api.w.org\/{rel}","templated":true}]}}